{"id":2975,"date":"2023-08-14T17:46:42","date_gmt":"2023-08-14T20:46:42","guid":{"rendered":"https:\/\/bressanautopecas.com\/?page_id=2975"},"modified":"2023-08-22T16:01:37","modified_gmt":"2023-08-22T19:01:37","slug":"inicial","status":"publish","type":"page","link":"https:\/\/bressanautopecas.com\/","title":{"rendered":"INICIAL"},"content":{"rendered":"\n<div class=\"wp-block-columns is-layout-flex wp-container-core-columns-is-layout-28f84493 wp-block-columns-is-layout-flex\">\n<div class=\"wp-block-column is-layout-flow wp-block-column-is-layout-flow\">\n<h1 class=\"wp-block-heading has-x-large-font-size\"><strong>TUDO QUE VOC\u00ca PRECISA PARA O SEU VE\u00cdCULO EM UM S\u00d3 LUGAR<\/strong><\/h1>\n<\/div>\n\n\n\n<div class=\"wp-block-column is-layout-flow wp-block-column-is-layout-flow\">\n<figure class=\"wp-block-image size-full is-resized\"><img loading=\"lazy\" decoding=\"async\" src=\"https:\/\/bressanautopecas.com\/wp-content\/uploads\/2023\/08\/motorista-bressan-autopecas.png\" alt=\"\" class=\"wp-image-2979\" style=\"width:444px;height:297px\" width=\"444\" height=\"297\" srcset=\"https:\/\/bressanautopecas.com\/wp-content\/uploads\/2023\/08\/motorista-bressan-autopecas.png 845w, https:\/\/bressanautopecas.com\/wp-content\/uploads\/2023\/08\/motorista-bressan-autopecas-300x201.png 300w, https:\/\/bressanautopecas.com\/wp-content\/uploads\/2023\/08\/motorista-bressan-autopecas-768x514.png 768w\" sizes=\"auto, (max-width: 444px) 100vw, 444px\" \/><\/figure>\n<\/div>\n<\/div>\n\n\n\n<div style=\"height:100px\" aria-hidden=\"true\" class=\"wp-block-spacer\"><\/div>\n\n\n\n<div class=\"wp-block-columns is-layout-flex wp-container-core-columns-is-layout-28f84493 wp-block-columns-is-layout-flex\">\n<div class=\"wp-block-column is-layout-flow wp-block-column-is-layout-flow\">\n<h2 class=\"wp-block-heading\">Pe\u00e7as<\/h2>\n\n\n\n<h4 class=\"wp-block-heading\"><strong>QUALIDADE E TRADI\u00c7\u00c3O<\/strong><\/h4>\n\n\n\n<p>Pe\u00e7as para Cabine, Motor, Freio, Suspen\u00e7\u00e3o, C\u00e2mbio, Cardan, Diferencial, Acess\u00f3rios, Carroceria e El\u00e9trica.<\/p>\n\n\n\n<h4 class=\"wp-block-heading\"><strong><mark style=\"background-color:rgba(0, 0, 0, 0);color:#d7241b\" class=\"has-inline-color\">FONE   <\/mark>49 3561 4250<\/strong><\/h4>\n\n\n\n<h4 class=\"wp-block-heading\"><strong><mark style=\"background-color:rgba(0, 0, 0, 0);color:#0d8633\" class=\"has-inline-color\">WHATSAPP <\/mark>  49 3561 4206<\/strong><\/h4>\n<\/div>\n\n\n\n<div class=\"wp-block-column is-layout-flow wp-block-column-is-layout-flow\">\n<figure class=\"wp-block-image size-full is-resized\"><img loading=\"lazy\" decoding=\"async\" src=\"https:\/\/bressanautopecas.com\/wp-content\/uploads\/2023\/08\/pecas-bressan-autopecas.png\" alt=\"\" class=\"wp-image-2980\" style=\"width:442px;height:293px\" width=\"442\" height=\"293\" srcset=\"https:\/\/bressanautopecas.com\/wp-content\/uploads\/2023\/08\/pecas-bressan-autopecas.png 841w, https:\/\/bressanautopecas.com\/wp-content\/uploads\/2023\/08\/pecas-bressan-autopecas-300x199.png 300w, https:\/\/bressanautopecas.com\/wp-content\/uploads\/2023\/08\/pecas-bressan-autopecas-768x510.png 768w\" sizes=\"auto, (max-width: 442px) 100vw, 442px\" \/><\/figure>\n<\/div>\n<\/div>\n\n\n\n<div style=\"height:79px\" aria-hidden=\"true\" class=\"wp-block-spacer\"><\/div>\n\n\n\n<div class=\"wp-block-columns is-layout-flex wp-container-core-columns-is-layout-28f84493 wp-block-columns-is-layout-flex\">\n<div class=\"wp-block-column is-layout-flow wp-block-column-is-layout-flow\">\n<h2 class=\"wp-block-heading\"><strong>Oficina<\/strong><\/h2>\n\n\n\n<p>Solda, Alinhamento, Geometria, Montagem de Motor, Caixa e Diferencial, Manuten\u00e7\u00e3o em Sistemas de Inje\u00e7\u00e3o, Sistemas de Freio, e toda parte da Suspen\u00e7\u00e3o.<\/p>\n\n\n\n<h4 class=\"wp-block-heading\"><strong><mark style=\"background-color:rgba(0, 0, 0, 0);color:#d7241b\" class=\"has-inline-color\">FONE   <\/mark>49 3561 4227<\/strong><\/h4>\n\n\n\n<h4 class=\"wp-block-heading\"><strong><mark style=\"background-color:rgba(0, 0, 0, 0);color:#0d8633\" class=\"has-inline-color\">WHATSAPP <\/mark>  49 9 9912 6150<\/strong><\/h4>\n<\/div>\n\n\n\n<div class=\"wp-block-column is-layout-flow wp-block-column-is-layout-flow\">\n<figure class=\"wp-block-image size-full is-resized\"><img loading=\"lazy\" decoding=\"async\" src=\"https:\/\/bressanautopecas.com\/wp-content\/uploads\/2023\/08\/mecanico-bressan-autopecas.png\" alt=\"\" class=\"wp-image-2978\" style=\"width:445px;height:289px\" width=\"445\" height=\"289\" srcset=\"https:\/\/bressanautopecas.com\/wp-content\/uploads\/2023\/08\/mecanico-bressan-autopecas.png 845w, https:\/\/bressanautopecas.com\/wp-content\/uploads\/2023\/08\/mecanico-bressan-autopecas-300x195.png 300w, https:\/\/bressanautopecas.com\/wp-content\/uploads\/2023\/08\/mecanico-bressan-autopecas-768x498.png 768w\" sizes=\"auto, (max-width: 445px) 100vw, 445px\" \/><\/figure>\n<\/div>\n<\/div>\n\n\n\n<div style=\"height:93px\" aria-hidden=\"true\" class=\"wp-block-spacer\"><\/div>\n\n\n\n<div class=\"wp-block-columns is-layout-flex wp-container-core-columns-is-layout-28f84493 wp-block-columns-is-layout-flex\">\n<div class=\"wp-block-column is-layout-flow wp-block-column-is-layout-flow\">\n<h2 class=\"wp-block-heading\">Ret\u00edfica<\/h2>\n\n\n\n<p>Montagem de Cabe\u00e7ote, Ret\u00edfica de V\u00e1lvulas, Biela, Bloco, Virabrequim, Teste de Cabe\u00e7ote, Montagem Parcial de Motor.<\/p>\n\n\n\n<h4 class=\"wp-block-heading\"><strong><mark style=\"background-color:rgba(0, 0, 0, 0);color:#d7241b\" class=\"has-inline-color\">FONE <\/mark>  49 3561 4227<\/strong><\/h4>\n\n\n\n<h4 class=\"wp-block-heading\"><strong><strong><mark style=\"background-color:rgba(0, 0, 0, 0);color:#0d8633\" class=\"has-inline-color\">WHATSAPP <\/mark>  49 9 9982 <\/strong>5796<\/strong><\/h4>\n<\/div>\n\n\n\n<div class=\"wp-block-column is-layout-flow wp-block-column-is-layout-flow\">\n<figure class=\"wp-block-image size-full is-resized\"><img loading=\"lazy\" decoding=\"async\" src=\"https:\/\/bressanautopecas.com\/wp-content\/uploads\/2023\/08\/retifica-bressan-autopecas.png\" alt=\"\" class=\"wp-image-2981\" style=\"width:443px;height:295px\" width=\"443\" height=\"295\" srcset=\"https:\/\/bressanautopecas.com\/wp-content\/uploads\/2023\/08\/retifica-bressan-autopecas.png 844w, https:\/\/bressanautopecas.com\/wp-content\/uploads\/2023\/08\/retifica-bressan-autopecas-300x200.png 300w, https:\/\/bressanautopecas.com\/wp-content\/uploads\/2023\/08\/retifica-bressan-autopecas-768x511.png 768w\" sizes=\"auto, (max-width: 443px) 100vw, 443px\" \/><\/figure>\n<\/div>\n<\/div>\n\n\n\n<div style=\"height:69px\" aria-hidden=\"true\" class=\"wp-block-spacer\"><\/div>\n\n\n\n<div class=\"wp-block-columns is-layout-flex wp-container-core-columns-is-layout-28f84493 wp-block-columns-is-layout-flex\">\n<div class=\"wp-block-column is-layout-flow wp-block-column-is-layout-flow\">\n<h2 class=\"wp-block-heading\"><strong>Sistemas de Inje\u00e7\u00e3o<\/strong><\/h2>\n\n\n\n<h4 class=\"wp-block-heading\">Posto Autorizado Bosch<\/h4>\n\n\n\n<p>Manuten\u00e7\u00e3o especializada em Sistemas mec\u00e2nicos e Common Rail.<\/p>\n\n\n\n<h4 class=\"wp-block-heading\"><strong><mark style=\"background-color:rgba(0, 0, 0, 0);color:#d7241b\" class=\"has-inline-color\">FONE   <\/mark>49 3561 4227<\/strong><\/h4>\n\n\n\n<h4 class=\"wp-block-heading\"><strong><strong><mark style=\"background-color:rgba(0, 0, 0, 0);color:#0d8633\" class=\"has-inline-color\">WHATSAPP   <\/mark>49 9 99<\/strong>98 8327<\/strong><\/h4>\n<\/div>\n\n\n\n<div class=\"wp-block-column is-layout-flow wp-block-column-is-layout-flow\">\n<figure class=\"wp-block-image size-full is-resized\"><img decoding=\"async\" src=\"https:\/\/bressanautopecas.com\/wp-content\/uploads\/2023\/08\/bombas-injetoras-bressan-autopecas.png\" alt=\"\" class=\"wp-image-2977\" style=\"width:444px\" width=\"444\" srcset=\"https:\/\/bressanautopecas.com\/wp-content\/uploads\/2023\/08\/bombas-injetoras-bressan-autopecas.png 846w, https:\/\/bressanautopecas.com\/wp-content\/uploads\/2023\/08\/bombas-injetoras-bressan-autopecas-300x217.png 300w, https:\/\/bressanautopecas.com\/wp-content\/uploads\/2023\/08\/bombas-injetoras-bressan-autopecas-768x555.png 768w\" sizes=\"(max-width: 846px) 100vw, 846px\" \/><\/figure>\n<\/div>\n<\/div>\n","protected":false},"excerpt":{"rendered":"<p>TUDO QUE VOC\u00ca PRECISA PARA O SEU VE\u00cdCULO EM UM S\u00d3 LUGAR Pe\u00e7as QUALIDADE E TRADI\u00c7\u00c3O Pe\u00e7as para Cabine, Motor, Freio, Suspen\u00e7\u00e3o, C\u00e2mbio, Cardan, Diferencial, Acess\u00f3rios, Carroceria e El\u00e9trica. FONE 49 3561 4250 WHATSAPP 49 3561 4206 Oficina Solda, Alinhamento, Geometria, Montagem de Motor, Caixa e Diferencial, Manuten\u00e7\u00e3o em Sistemas de Inje\u00e7\u00e3o, Sistemas de Freio, &hellip;<\/p>\n<p class=\"read-more\"> <a class=\"\" href=\"https:\/\/bressanautopecas.com\/\"> <span class=\"screen-reader-text\">INICIAL<\/span> Leia mais &raquo;<\/a><\/p>\n","protected":false},"author":1,"featured_media":0,"parent":0,"menu_order":0,"comment_status":"closed","ping_status":"closed","template":"","meta":{"site-sidebar-layout":"default","site-content-layout":"","ast-site-content-layout":"default","site-content-style":"default","site-sidebar-style":"default","ast-global-header-display":"","ast-banner-title-visibility":"","ast-main-header-display":"","ast-hfb-above-header-display":"","ast-hfb-below-header-display":"","ast-hfb-mobile-header-display":"","site-post-title":"","ast-breadcrumbs-content":"","ast-featured-img":"","footer-sml-layout":"","theme-transparent-header-meta":"","adv-header-id-meta":"","stick-header-meta":"","header-above-stick-meta":"","header-main-stick-meta":"","header-below-stick-meta":"","astra-migrate-meta-layouts":"set","footnotes":""},"class_list":["post-2975","page","type-page","status-publish","hentry"],"_links":{"self":[{"href":"https:\/\/bressanautopecas.com\/index.php\/wp-json\/wp\/v2\/pages\/2975","targetHints":{"allow":["GET"]}}],"collection":[{"href":"https:\/\/bressanautopecas.com\/index.php\/wp-json\/wp\/v2\/pages"}],"about":[{"href":"https:\/\/bressanautopecas.com\/index.php\/wp-json\/wp\/v2\/types\/page"}],"author":[{"embeddable":true,"href":"https:\/\/bressanautopecas.com\/index.php\/wp-json\/wp\/v2\/users\/1"}],"replies":[{"embeddable":true,"href":"https:\/\/bressanautopecas.com\/index.php\/wp-json\/wp\/v2\/comments?post=2975"}],"version-history":[{"count":9,"href":"https:\/\/bressanautopecas.com\/index.php\/wp-json\/wp\/v2\/pages\/2975\/revisions"}],"predecessor-version":[{"id":3009,"href":"https:\/\/bressanautopecas.com\/index.php\/wp-json\/wp\/v2\/pages\/2975\/revisions\/3009"}],"wp:attachment":[{"href":"https:\/\/bressanautopecas.com\/index.php\/wp-json\/wp\/v2\/media?parent=2975"}],"curies":[{"name":"wp","href":"https:\/\/api.w.org\/{rel}","templated":true}]}}